{"id":24,"date":"2015-12-07T08:36:47","date_gmt":"2015-12-07T07:36:47","guid":{"rendered":"http:\/\/dataport-info.de\/?page_id=24"},"modified":"2026-02-13T13:21:15","modified_gmt":"2026-02-13T12:21:15","slug":"ueber-dataport","status":"publish","type":"page","link":"http:\/\/dataport-info.de\/?page_id=24","title":{"rendered":"\u00dcber Dataport"},"content":{"rendered":"<p>Dataport ist der IT-Dienstleister f\u00fcr die \u00f6ffentliche Verwaltung. Das Unternehmen begleitet den \u00f6ffentlichen Sektor als Partner in allen Digitalisierungsvorhaben von der ersten Idee bis zum sicheren Betrieb. Dazu kooperiert Dataport mit Anbietern aus der Region und unterst\u00fctzt die f\u00f6derale IT-Kooperation.<\/p>\n<p>Als Anstalt \u00f6ffentlichen Rechts wird Dataport getragen von den L\u00e4ndern Bremen, Hamburg, Mecklenburg-Vorpommern, Niedersachsen, Sachsen-Anhalt und Schleswig-Holstein sowie vom kommunalen IT-Verbund Schleswig-Holstein. Dataport hat 6.200 Mitarbeiter*innen und erzielte 2025 einen voraussichtlichen Umsatz von 1,5 Milliarden Euro.<\/p>\n<p>Weitere Informationen zu Dataport finden Sie auf\u00a0<a href=\"https:\/\/www.dataport.de\" target=\"_blank\" rel=\"noopener noreferrer\">www.dataport.de<\/a>.<\/p>\n","protected":false},"excerpt":{"rendered":"<p>Dataport ist der IT-Dienstleister f\u00fcr die \u00f6ffentliche Verwaltung. Das Unternehmen begleitet den \u00f6ffentlichen Sektor als Partner in allen Digitalisierungsvorhaben von der ersten Idee bis zum sicheren Betrieb. Dazu kooperiert Dataport mit Anbietern aus der Region und unterst\u00fctzt die f\u00f6derale IT-Kooperation. Als Anstalt \u00f6ffentlichen Rechts wird Dataport getragen von den L\u00e4ndern Bremen, Hamburg, Mecklenburg-Vorpommern, Niedersachsen, Sachsen-Anhalt &hellip; <a href=\"http:\/\/dataport-info.de\/?page_id=24\" class=\"more-link\"><span class=\"screen-reader-text\">\u00dcber Dataport<\/span> weiterlesen<\/a><\/p>\n","protected":false},"author":1,"featured_media":0,"parent":0,"menu_order":0,"comment_status":"closed","ping_status":"closed","template":"","meta":{"footnotes":""},"class_list":["post-24","page","type-page","status-publish","hentry"],"_links":{"self":[{"href":"http:\/\/dataport-info.de\/index.php?rest_route=\/wp\/v2\/pages\/24","targetHints":{"allow":["GET"]}}],"collection":[{"href":"http:\/\/dataport-info.de\/index.php?rest_route=\/wp\/v2\/pages"}],"about":[{"href":"http:\/\/dataport-info.de\/index.php?rest_route=\/wp\/v2\/types\/page"}],"author":[{"embeddable":true,"href":"http:\/\/dataport-info.de\/index.php?rest_route=\/wp\/v2\/users\/1"}],"replies":[{"embeddable":true,"href":"http:\/\/dataport-info.de\/index.php?rest_route=%2Fwp%2Fv2%2Fcomments&post=24"}],"version-history":[{"count":27,"href":"http:\/\/dataport-info.de\/index.php?rest_route=\/wp\/v2\/pages\/24\/revisions"}],"predecessor-version":[{"id":168,"href":"http:\/\/dataport-info.de\/index.php?rest_route=\/wp\/v2\/pages\/24\/revisions\/168"}],"wp:attachment":[{"href":"http:\/\/dataport-info.de\/index.php?rest_route=%2Fwp%2Fv2%2Fmedia&parent=24"}],"curies":[{"name":"wp","href":"https:\/\/api.w.org\/{rel}","templated":true}]}}