{"id":64,"date":"2019-09-17T13:24:07","date_gmt":"2019-09-17T11:24:07","guid":{"rendered":"http:\/\/dataport-info.de\/?page_id=64"},"modified":"2025-06-30T14:34:05","modified_gmt":"2025-06-30T12:34:05","slug":"datenschutzerklaerung","status":"publish","type":"page","link":"http:\/\/dataport-info.de\/?page_id=64","title":{"rendered":"Datenschutzerkl\u00e4rung"},"content":{"rendered":"<h3>\u00dcbersicht<\/h3>\n<p>Hier geben wir Ihnen einen \u00dcberblick \u00fcber die Erhebung und Verarbeitung Ihrer Daten.<\/p>\n<h5><strong>Welche Daten erfassen wir von Ihnen?<\/strong><\/h5>\n<div class=\"s20_top\">\n<div class=\"container\">\n<div class=\"row\">\n<section class=\"col-md-two-third col-sm-9 archive\">\n<article class=\"archive-item\">\n<div class=\"ms-rtestate-field\">\n<ul>\n<li>Technische Merkmale:<br \/>\nWir erfassen den Domain-Namen und\/oder die IP-Adresse Ihres Endger\u00e4tes, die Dateianfrage des Clients (Dateiname und URL), den http-Antwortcode und die Internetseite, von der aus Sie uns besuchen.<\/li>\n<li>Wir verwenden Cookies (Session Cookies), das sind kleine Textdateien, die auf Ihrem Rechner vor\u00fcbergehend abgelegt werden und mit dem Schlie\u00dfen des Browsers gel\u00f6scht werden.<\/li>\n<\/ul>\n<\/div>\n<\/article>\n<\/section>\n<\/div>\n<h5>Auf welche Weise erheben wie Ihre Daten?<\/h5>\n<p>Wir erheben Daten nur auf Grund Ihrer Eingaben auf unserer Webseite oder durch den Einsatz von\u00a0Cookies.<\/p>\n<h5><strong>Wof\u00fcr nutzen wir Ihre Daten?<\/strong><\/h5>\n<p>Zur technischen Administration und zur Bereitstellung unserer Website.<\/p>\n<ul>\n<li style=\"list-style-type: none;\">\n<ul>\n<li>Ausschlie\u00dflich im gesetzlich vorgesehenen Rahmen<\/li>\n<li>zur Missbrauchserkennung und St\u00f6rungsbeseitigung<\/li>\n<li>zur Weitergabe bzw. Auskunftserteilung gegen\u00fcber staatlichen Stellen<\/li>\n<li>zur Weitergabe bzw. Auskunftserteilung gegen\u00fcber Inhabern von Urheber- und Leistungsschutzrechten.<\/li>\n<\/ul>\n<\/li>\n<\/ul>\n<p>Im Rahmen der gesetzlichen Regelungen f\u00fcr die Auftragsverarbeitung setzen wir auch Dienstleister ein. Die datenschutzrechtliche Verantwortung verbleibt in jedem Fall bei Dataport.<\/p>\n<h5>Welche Rechte haben Sie?<\/h5>\n<p>Sie haben das Recht auf Auskunft \u00fcber Ihre von uns gespeicherten Daten oder deren Berichtigung, Sperrung oder L\u00f6schung.<\/p>\n<h5>Welches ist die zust\u00e4ndige Aufsichtsbeh\u00f6rde?<\/h5>\n<p>Unabh\u00e4ngiges Landeszentrum f\u00fcr Datenschutz Schleswig-Holstein<br \/>\nHolstenstra\u00dfe 98<br \/>\n24103 Kiel<br \/>\nE-Mail: <a href=\"mailto:mail@datenschutzzentrum.de\">mail@datenschutzzentrum.de<\/a><\/p>\n<h5>An wen k\u00f6nnen Sie sich mit Fragen wenden?<\/h5>\n<p>Mit Fragen zum Datenschutz k\u00f6nnen Sie sich\u00a0an den Datenschutzbeauftragten von Dataport, Herrn Dr. Reinhard Schmid, wenden. Seine Kontaktdaten lauten wie folgt:<\/p>\n<p>Annika Kremser<br \/>\nDatenschutzbeauftragte<br \/>\nAltenholzer Str. 10 \u2013 14, 24161 Altenholz<br \/>\nE-Mail: annika.kremser@dataport.de<\/p>\n<h3>Datenschutzhinweise<\/h3>\n<p>Der Schutz Ihrer pers\u00f6nlichen Daten hat f\u00fcr Dataport einen hohen Stellenwert. F\u00fcr Dataport gilt die EU-Datenschutzgrundverordnung (DSGVO) und erg\u00e4nzend das Landesdatenschutzgesetz Schleswig-Holstein.<\/p>\n<p>Es ist uns wichtig, Sie dar\u00fcber zu informieren, welche pers\u00f6nlichen Daten wir w\u00e4hrend Ihres Besuchs auf dataport-info.de und bei jedem Abruf einer Datei erfassen, wie diese verwendet werden und welche Gestaltungsm\u00f6glichkeiten Sie dabei haben. Diese Datenschutzhinweise geben Ihnen Antworten auf die wichtigsten Fragen.<\/p>\n<h5>1) Welche Daten werden erfasst und wie werden sie verwendet?<\/h5>\n<h5>a) Technische Merkmale<\/h5>\n<p>In den Server Log Files speichern wir Informationen, die Ihr Browser automatisch aus technischen Gr\u00fcnden an uns \u00fcbermittelt. Dies sind:<\/p>\n<ul>\n<li>Browsertyp\/-version<\/li>\n<li>verwendetes Betriebssystem<\/li>\n<li>Referer URL (die zuvor besuchte Seite)<\/li>\n<li>Domain-Namen oder IP-Adresse des von Ihnen verwendeten Endger\u00e4tes<\/li>\n<li>Uhrzeit der Serveranfrage<\/li>\n<li>Name der abgerufenen Datei<\/li>\n<li>Datum und Uhrzeit des Abrufs<\/li>\n<li>\u00fcbertragene Datenmenge<\/li>\n<li>Meldung, ob der Abruf erfolgreich war<\/li>\n<\/ul>\n<p>Diese protokollierten Daten werden von uns f\u00fcr folgende Zwecke verwendet:<\/p>\n<ul>\n<li>Zur technischen Administration und zur Bereitstellung unserer Website.\n<ul>\n<li>Ausschlie\u00dflich im gesetzlich vorgesehenen Rahmen,<\/li>\n<li>zur Abwehr von Angriffsversuchen auf dem Webserver,<\/li>\n<li>zur Missbrauchserkennung und St\u00f6rungsbeseitigung,<\/li>\n<li>zur Weitergabe bzw. Auskunftserteilung gegen\u00fcber staatlichen Stellen,<\/li>\n<li>zur Weitergabe bzw. Auskunftserteilung gegen\u00fcber Inhabern von Urheber- und Leistungsschutzrechten.<\/li>\n<\/ul>\n<\/li>\n<\/ul>\n<p>Die Log-Daten werden f\u00fcr maximal sechs Monate gespeichert. Nicht-anonymisierte IP-Adressen werden zur Erkennung und Abwehr von Angriffen maximal sieben Tage gespeichert.<\/p>\n<h5>b) Cookies<\/h5>\n<p>Auf unseren Internetseiten verwenden wir Session Cookies. Das sind kleine Textdateien, die auf Ihrem Computer gespeichert werden. Session Cookies werden mit dem Schlie\u00dfen das Browsers gel\u00f6scht.<\/p>\n<h5>2) Wo werden meine Daten verarbeitet?<\/h5>\n<p>Ihre Daten werden in Deutschland in den Rechenzentren des Dienstleisters Strato AG (Berlin) verarbeitet, die in Berlin und Karlsruhe liegen. STRATO tr\u00e4gt das T\u00dcV-Siegel nach ISO 27001. Die Datenverarbeitung findet ausschlie\u00dflich in Deutschland statt, d. h. Strato unterliegt vollst\u00e4ndig den in Deutschland geltenden gesetzlichen Vorschriften zum Datenschutz.<\/p>\n<h5>3) Wie sicher sind meine Daten?<\/h5>\n<p>Zum Schutz Ihrer Daten vor unberechtigtem Zugriff und Missbrauch hat Strato\u00a0umfangreiche technische und betriebliche Sicherheitsvorkehrungen nach Ma\u00dfgabe der europ\u00e4ischen Datenschutz-Grundverordnung\u00a0getroffen.<\/p>\n<h5>4) Werden meine Daten an Dritte weitergegeben, zum Beispiel an Beh\u00f6rden?<\/h5>\n<p>In bestimmten F\u00e4llen sind wir gesetzlich verpflichtet, Daten an eine anfragende staatliche Stelle zu \u00fcbermitteln. Dar\u00fcber hinaus geben wir keine Daten an Dritte weiter, es sei denn, Sie haben ausdr\u00fccklich eingewilligt.<\/p>\n<h5>5) Wird mein Nutzungsverhalten ausgewertet?<\/h5>\n<p>Die Protokolldaten werden ausgewertet, um Angriffe zu erkennen und abwehren zu k\u00f6nnen. Im Fehlerfalle werden die Protokolldaten zur Beseitigung von St\u00f6rungen\u00a0ausgewertet.<\/p>\n<h5>6) Wird mein Online-Nutzungsverhalten durch Werbe-Drittanbieter ausgewertet?<\/h5>\n<p>Nein. Wir platzieren auf unserer Website keine Werbung von Drittanbietern.<\/p>\n<h5>7) Welche Rechte habe ich in Bezug auf meine Daten?<\/h5>\n<p>Sie haben das Recht auf Auskunft \u00fcber Ihre von uns gespeicherten Daten oder deren Berichtigung, Sperrung oder L\u00f6schung.<\/p>\n<h5>8) Welches ist die zust\u00e4ndige Aufsichtsbeh\u00f6rde?<\/h5>\n<p>Unabh\u00e4ngiges Landeszentrum f\u00fcr Datenschutz Schleswig-Holstein<br \/>\nHolstenstra\u00dfe 98<br \/>\n24103 Kiel<br \/>\nE-Mail: <a href=\"mailto:mail@datenschutzzentrum.de\">mail@datenschutzzentrum.de<\/a><\/p>\n<h5>9) Wer ist mein Ansprechpartner, wenn ich Fragen zum Datenschutz bei Dataport habe?<\/h5>\n<p>Mit Fragen zum Datenschutz k\u00f6nnen Sie sich\u00a0an den Datenschutzbeauftragten von Dataport, Herrn Dr. Reinhard Schmid, wenden. Seine Kontaktdaten lauten wie folgt:<\/p>\n<p>Dr. Reinhard Schmid<br \/>\nDatenschutzbeauftragter<br \/>\nAltenholzer Str. 10 \u2013 14, 24161 Altenholz<br \/>\nE-Mail: <a href=\"mailto:reinhard.schmid@dataport.de\">reinhard.schmid@dataport.de<\/a><\/p>\n<\/div>\n<\/div>\n","protected":false},"excerpt":{"rendered":"<p>\u00dcbersicht Hier geben wir Ihnen einen \u00dcberblick \u00fcber die Erhebung und Verarbeitung Ihrer Daten. Welche Daten erfassen wir von Ihnen? Technische Merkmale: Wir erfassen den Domain-Namen und\/oder die IP-Adresse Ihres Endger\u00e4tes, die Dateianfrage des Clients (Dateiname und URL), den http-Antwortcode und die Internetseite, von der aus Sie uns besuchen. Wir verwenden Cookies (Session Cookies), das &hellip; <a href=\"http:\/\/dataport-info.de\/?page_id=64\" class=\"more-link\"><span class=\"screen-reader-text\">Datenschutzerkl\u00e4rung<\/span> weiterlesen<\/a><\/p>\n","protected":false},"author":1,"featured_media":0,"parent":0,"menu_order":0,"comment_status":"closed","ping_status":"closed","template":"","meta":{"footnotes":""},"class_list":["post-64","page","type-page","status-publish","hentry"],"_links":{"self":[{"href":"http:\/\/dataport-info.de\/index.php?rest_route=\/wp\/v2\/pages\/64","targetHints":{"allow":["GET"]}}],"collection":[{"href":"http:\/\/dataport-info.de\/index.php?rest_route=\/wp\/v2\/pages"}],"about":[{"href":"http:\/\/dataport-info.de\/index.php?rest_route=\/wp\/v2\/types\/page"}],"author":[{"embeddable":true,"href":"http:\/\/dataport-info.de\/index.php?rest_route=\/wp\/v2\/users\/1"}],"replies":[{"embeddable":true,"href":"http:\/\/dataport-info.de\/index.php?rest_route=%2Fwp%2Fv2%2Fcomments&post=64"}],"version-history":[{"count":18,"href":"http:\/\/dataport-info.de\/index.php?rest_route=\/wp\/v2\/pages\/64\/revisions"}],"predecessor-version":[{"id":165,"href":"http:\/\/dataport-info.de\/index.php?rest_route=\/wp\/v2\/pages\/64\/revisions\/165"}],"wp:attachment":[{"href":"http:\/\/dataport-info.de\/index.php?rest_route=%2Fwp%2Fv2%2Fmedia&parent=64"}],"curies":[{"name":"wp","href":"https:\/\/api.w.org\/{rel}","templated":true}]}}